{"id":20,"date":"2021-09-09T17:37:56","date_gmt":"2021-09-09T17:37:56","guid":{"rendered":"https:\/\/grupocoldmaster.com.br\/?page_id=20"},"modified":"2021-09-09T18:19:07","modified_gmt":"2021-09-09T18:19:07","slug":"quem-somos","status":"publish","type":"page","link":"https:\/\/grupocoldmaster.com.br\/?page_id=20","title":{"rendered":"Quem Somos"},"content":{"rendered":"\t\t<div data-elementor-type=\"wp-page\" data-elementor-id=\"20\" class=\"elementor elementor-20\">\n\t\t\t\t\t\t<section class=\"elementor-section elementor-top-section elementor-element elementor-element-c3886c0 elementor-section-stretched elementor-section-boxed elementor-section-height-default elementor-section-height-default\" data-id=\"c3886c0\" data-element_type=\"section\" data-e-type=\"section\" data-settings=\"{&quot;stretch_section&quot;:&quot;section-stretched&quot;,&quot;background_background&quot;:&quot;classic&quot;}\">\n\t\t\t\t\t\t\t<div class=\"elementor-background-overlay\"><\/div>\n\t\t\t\t\t\t\t<div class=\"elementor-container elementor-column-gap-default\">\n\t\t\t\t\t<div class=\"elementor-column elementor-col-100 elementor-top-column elementor-element elementor-element-cca5ac9\" data-id=\"cca5ac9\" data-element_type=\"column\" data-e-type=\"column\">\n\t\t\t<div class=\"elementor-widget-wrap elementor-element-populated\">\n\t\t\t\t\t\t<div class=\"elementor-element elementor-element-3df68e0 elementor-widget elementor-widget-heading\" data-id=\"3df68e0\" data-element_type=\"widget\" data-e-type=\"widget\" data-widget_type=\"heading.default\">\n\t\t\t\t<div class=\"elementor-widget-container\">\n\t\t\t\t\t<h2 class=\"elementor-heading-title elementor-size-default\">Sobre N\u00f3s<\/h2>\t\t\t\t<\/div>\n\t\t\t\t<\/div>\n\t\t\t\t<div class=\"elementor-element elementor-element-c290895 elementor-widget-divider--view-line elementor-widget elementor-widget-divider\" data-id=\"c290895\" data-element_type=\"widget\" data-e-type=\"widget\" data-widget_type=\"divider.default\">\n\t\t\t\t<div class=\"elementor-widget-container\">\n\t\t\t\t\t\t\t<div class=\"elementor-divider\">\n\t\t\t<span class=\"elementor-divider-separator\">\n\t\t\t\t\t\t<\/span>\n\t\t<\/div>\n\t\t\t\t\t\t<\/div>\n\t\t\t\t<\/div>\n\t\t\t\t\t<\/div>\n\t\t<\/div>\n\t\t\t\t\t<\/div>\n\t\t<\/section>\n\t\t\t\t<section class=\"elementor-section elementor-top-section elementor-element elementor-element-84e9fcf elementor-section-boxed elementor-section-height-default elementor-section-height-default\" data-id=\"84e9fcf\" data-element_type=\"section\" data-e-type=\"section\">\n\t\t\t\t\t\t<div class=\"elementor-container elementor-column-gap-default\">\n\t\t\t\t\t<div class=\"elementor-column elementor-col-100 elementor-top-column elementor-element elementor-element-2b66198\" data-id=\"2b66198\" data-element_type=\"column\" data-e-type=\"column\">\n\t\t\t<div class=\"elementor-widget-wrap elementor-element-populated\">\n\t\t\t\t\t\t<section class=\"elementor-section elementor-inner-section elementor-element elementor-element-bc53da5 elementor-section-boxed elementor-section-height-default elementor-section-height-default\" data-id=\"bc53da5\" data-element_type=\"section\" data-e-type=\"section\">\n\t\t\t\t\t\t<div class=\"elementor-container elementor-column-gap-default\">\n\t\t\t\t\t<div class=\"elementor-column elementor-col-50 elementor-inner-column elementor-element elementor-element-a1ed350\" data-id=\"a1ed350\" data-element_type=\"column\" data-e-type=\"column\">\n\t\t\t<div class=\"elementor-widget-wrap elementor-element-populated\">\n\t\t\t\t\t\t<div class=\"elementor-element elementor-element-bf62543 elementor-widget elementor-widget-text-editor\" data-id=\"bf62543\" data-element_type=\"widget\" data-e-type=\"widget\" data-widget_type=\"text-editor.default\">\n\t\t\t\t<div class=\"elementor-widget-container\">\n\t\t\t\t\t\t\t\t\t<p style=\"text-align: justify;\"><br \/><span style=\"font-family: arial, helvetica, sans-serif; color: #000000; font-size: 14pt;\">Desde 1991 a Cold Master Ar Condicionado oferece servi\u00e7os de alto padr\u00e3o de qualdiade, com profissionais qualificados em montagem, instala\u00e7\u00e3o em manuten\u00e7a\u00f5 de equipamentos de ar condicionado e seguimento de refrigera\u00e7\u00e3o industrial, comercial e residencial. Ao longo dos anos a Cold Master Ar Condicionado foi consquistando a confican\u00e7a de novos clientes trazendo satisfa\u00e7\u00e3o e confiabilidade em seus servi\u00e7os prestados, o que gerou a necessidade de novos investimentos em treinamentos de funcion\u00e1rio e aquisi\u00e7\u00e3o de novas tecnologias e ferramentas.<\/span><\/p><p style=\"text-align: justify;\"><span style=\"font-family: arial, helvetica, sans-serif; color: #000000; font-size: 14pt;\">\u00c9 importante ressaltar que nossa m\u00e3o de obra \u00e9 extretamente qualificada. Todos os nossos profissionais possuem treinamento em centros especializados, al\u00e9m dos treinamentos realizados junto aos fabricantes.<\/span><\/p><p style=\"text-align: justify;\"><span style=\"font-family: arial, helvetica, sans-serif; color: #000000; font-size: 14pt;\">Trabalhamos buscando sempre a total satisfa\u00e7\u00e3o do clientes. Localizados em Campinas-SP, Prestamos servi\u00e7os em territ\u00f3rio nacional!<\/span><br \/><span style=\"font-family: arial, helvetica, sans-serif; color: #000000; font-size: 14pt;\">Executamos todos os projetos de acordo com a sua necessidade levando em consider\u00e7a\u00e3o prazo, pre\u00e7o e qualidade;<\/span><br \/><br \/><span style=\"font-family: arial, helvetica, sans-serif; color: #000000; font-size: 14pt;\">Desenvolver produtos e servi\u00e7os nas \u00e1reas de Ar Condicionado e Refrigera\u00e7\u00e3o, que atendam as necessidades de qualidade, confiabilidade e pre\u00e7os exigidos pelos nosso clientes.<\/span><br \/><span style=\"font-family: arial, helvetica, sans-serif; color: #000000; font-size: 14pt;\">N\u00e3o perca tempo, entre em contato conosco e fa\u00e7a seu or\u00e7amento sem compromisso!<\/span><\/p>\t\t\t\t\t\t\t\t<\/div>\n\t\t\t\t<\/div>\n\t\t\t\t\t<\/div>\n\t\t<\/div>\n\t\t\t\t<div class=\"elementor-column elementor-col-50 elementor-inner-column elementor-element elementor-element-c82a99a\" data-id=\"c82a99a\" data-element_type=\"column\" data-e-type=\"column\">\n\t\t\t<div class=\"elementor-widget-wrap elementor-element-populated\">\n\t\t\t\t\t\t<div class=\"elementor-element elementor-element-ce5d556 elementor-widget elementor-widget-image\" data-id=\"ce5d556\" data-element_type=\"widget\" data-e-type=\"widget\" data-widget_type=\"image.default\">\n\t\t\t\t<div class=\"elementor-widget-container\">\n\t\t\t\t\t\t\t\t\t\t\t\t\t\t\t<img fetchpriority=\"high\" decoding=\"async\" width=\"843\" height=\"516\" src=\"https:\/\/grupocoldmaster.com.br\/wp-content\/uploads\/2021\/09\/8690-1024x627.jpg\" class=\"attachment-large size-large wp-image-70\" alt=\"\" srcset=\"https:\/\/grupocoldmaster.com.br\/wp-content\/uploads\/2021\/09\/8690-1024x627.jpg 1024w, https:\/\/grupocoldmaster.com.br\/wp-content\/uploads\/2021\/09\/8690-300x184.jpg 300w, https:\/\/grupocoldmaster.com.br\/wp-content\/uploads\/2021\/09\/8690-768x470.jpg 768w, https:\/\/grupocoldmaster.com.br\/wp-content\/uploads\/2021\/09\/8690-1536x940.jpg 1536w, https:\/\/grupocoldmaster.com.br\/wp-content\/uploads\/2021\/09\/8690-2048x1254.jpg 2048w\" sizes=\"(max-width: 843px) 100vw, 843px\" \/>\t\t\t\t\t\t\t\t\t\t\t\t\t\t\t<\/div>\n\t\t\t\t<\/div>\n\t\t\t\t\t<\/div>\n\t\t<\/div>\n\t\t\t\t\t<\/div>\n\t\t<\/section>\n\t\t\t\t\t<\/div>\n\t\t<\/div>\n\t\t\t\t\t<\/div>\n\t\t<\/section>\n\t\t\t\t<\/div>\n\t\t","protected":false},"excerpt":{"rendered":"<p>Sobre N\u00f3s Desde 1991 a Cold Master Ar Condicionado oferece servi\u00e7os de alto padr\u00e3o de qualdiade, com profissionais qualificados em montagem, instala\u00e7\u00e3o em manuten\u00e7a\u00f5 de&hellip;<\/p>\n","protected":false},"author":1,"featured_media":0,"parent":0,"menu_order":0,"comment_status":"closed","ping_status":"closed","template":"","meta":{"footnotes":""},"class_list":["post-20","page","type-page","status-publish","hentry"],"_links":{"self":[{"href":"https:\/\/grupocoldmaster.com.br\/index.php?rest_route=\/wp\/v2\/pages\/20","targetHints":{"allow":["GET"]}}],"collection":[{"href":"https:\/\/grupocoldmaster.com.br\/index.php?rest_route=\/wp\/v2\/pages"}],"about":[{"href":"https:\/\/grupocoldmaster.com.br\/index.php?rest_route=\/wp\/v2\/types\/page"}],"author":[{"embeddable":true,"href":"https:\/\/grupocoldmaster.com.br\/index.php?rest_route=\/wp\/v2\/users\/1"}],"replies":[{"embeddable":true,"href":"https:\/\/grupocoldmaster.com.br\/index.php?rest_route=%2Fwp%2Fv2%2Fcomments&post=20"}],"version-history":[{"count":7,"href":"https:\/\/grupocoldmaster.com.br\/index.php?rest_route=\/wp\/v2\/pages\/20\/revisions"}],"predecessor-version":[{"id":77,"href":"https:\/\/grupocoldmaster.com.br\/index.php?rest_route=\/wp\/v2\/pages\/20\/revisions\/77"}],"wp:attachment":[{"href":"https:\/\/grupocoldmaster.com.br\/index.php?rest_route=%2Fwp%2Fv2%2Fmedia&parent=20"}],"curies":[{"name":"wp","href":"https:\/\/api.w.org\/{rel}","templated":true}]}}