{"id":24,"date":"2021-09-09T17:38:35","date_gmt":"2021-09-09T17:38:35","guid":{"rendered":"https:\/\/grupocoldmaster.com.br\/?page_id=24"},"modified":"2021-09-16T13:39:36","modified_gmt":"2021-09-16T13:39:36","slug":"produtos","status":"publish","type":"page","link":"https:\/\/grupocoldmaster.com.br\/?page_id=24","title":{"rendered":"Produtos"},"content":{"rendered":"\t\t<div data-elementor-type=\"wp-page\" data-elementor-id=\"24\" class=\"elementor elementor-24\">\n\t\t\t\t\t\t<section class=\"elementor-section elementor-top-section elementor-element elementor-element-dcf1b4f elementor-section-boxed elementor-section-height-default elementor-section-height-default\" data-id=\"dcf1b4f\" data-element_type=\"section\" data-e-type=\"section\" data-settings=\"{&quot;background_background&quot;:&quot;classic&quot;}\">\n\t\t\t\t\t\t<div class=\"elementor-container elementor-column-gap-default\">\n\t\t\t\t\t<div class=\"elementor-column elementor-col-100 elementor-top-column elementor-element elementor-element-fe76768\" data-id=\"fe76768\" data-element_type=\"column\" data-e-type=\"column\">\n\t\t\t<div class=\"elementor-widget-wrap elementor-element-populated\">\n\t\t\t\t\t\t<div class=\"elementor-element elementor-element-dfd219f elementor-widget elementor-widget-spacer\" data-id=\"dfd219f\" data-element_type=\"widget\" data-e-type=\"widget\" data-widget_type=\"spacer.default\">\n\t\t\t\t<div class=\"elementor-widget-container\">\n\t\t\t\t\t\t\t<div class=\"elementor-spacer\">\n\t\t\t<div class=\"elementor-spacer-inner\"><\/div>\n\t\t<\/div>\n\t\t\t\t\t\t<\/div>\n\t\t\t\t<\/div>\n\t\t\t\t<div class=\"elementor-element elementor-element-3d93343 elementor-widget elementor-widget-heading\" data-id=\"3d93343\" data-element_type=\"widget\" data-e-type=\"widget\" data-widget_type=\"heading.default\">\n\t\t\t\t<div class=\"elementor-widget-container\">\n\t\t\t\t\t<h3 class=\"elementor-heading-title elementor-size-default\">CONHE\u00c7A NOSSOS PRODUTOS<\/h3>\t\t\t\t<\/div>\n\t\t\t\t<\/div>\n\t\t\t\t<section class=\"elementor-section elementor-inner-section elementor-element elementor-element-67a4507 elementor-section-boxed elementor-section-height-default elementor-section-height-default\" data-id=\"67a4507\" data-element_type=\"section\" data-e-type=\"section\">\n\t\t\t\t\t\t<div class=\"elementor-container elementor-column-gap-default\">\n\t\t\t\t\t<div class=\"elementor-column elementor-col-50 elementor-inner-column elementor-element elementor-element-df759b5\" data-id=\"df759b5\" data-element_type=\"column\" data-e-type=\"column\">\n\t\t\t<div class=\"elementor-widget-wrap elementor-element-populated\">\n\t\t\t\t\t\t<div class=\"elementor-element elementor-element-a2aaff8 elementor-widget elementor-widget-text-editor\" data-id=\"a2aaff8\" data-element_type=\"widget\" data-e-type=\"widget\" data-widget_type=\"text-editor.default\">\n\t\t\t\t<div class=\"elementor-widget-container\">\n\t\t\t\t\t\t\t\t\t<p style=\"text-align: center;\"><span style=\"color: #000000; font-family: arial, helvetica, sans-serif; font-size: 14pt;\">Mini-Split<\/span><br \/><span style=\"color: #000000; font-family: arial, helvetica, sans-serif; font-size: 14pt;\">Split-System<\/span><br \/><span style=\"color: #000000; font-family: arial, helvetica, sans-serif; font-size: 14pt;\">Condicionador Janela (ACJ)<\/span><br \/><span style=\"color: #000000; font-family: arial, helvetica, sans-serif; font-size: 14pt;\">RoofTop<\/span><br \/><span style=\"color: #000000; font-family: arial, helvetica, sans-serif; font-size: 14pt;\">Self c\/ Condesador aclopado ou remoto<\/span><br \/><span style=\"color: #000000; font-family: arial, helvetica, sans-serif; font-size: 14pt;\">Self refrigerado a \u00e1gua<\/span><br \/><span style=\"color: #000000; font-family: arial, helvetica, sans-serif; font-size: 14pt;\">Fan&amp;Coil<\/span><br \/><span style=\"color: #000000; font-family: arial, helvetica, sans-serif; font-size: 14pt;\">Resfriador de L\u00edquidos (Chiller)<\/span><br \/><span style=\"color: #000000; font-family: arial, helvetica, sans-serif; font-size: 14pt;\">Trabalhamos com todos os modelos e marcas!<\/span><\/p>\t\t\t\t\t\t\t\t<\/div>\n\t\t\t\t<\/div>\n\t\t\t\t\t<\/div>\n\t\t<\/div>\n\t\t\t\t<div class=\"elementor-column elementor-col-50 elementor-inner-column elementor-element elementor-element-bcfb120\" data-id=\"bcfb120\" data-element_type=\"column\" data-e-type=\"column\">\n\t\t\t<div class=\"elementor-widget-wrap elementor-element-populated\">\n\t\t\t\t\t\t<div class=\"elementor-element elementor-element-d3b3f51 elementor-widget elementor-widget-text-editor\" data-id=\"d3b3f51\" data-element_type=\"widget\" data-e-type=\"widget\" data-widget_type=\"text-editor.default\">\n\t\t\t\t<div class=\"elementor-widget-container\">\n\t\t\t\t\t\t\t\t\t<p style=\"text-align: center;\"><span style=\"color: #000000; font-family: arial, helvetica, sans-serif; font-size: 14pt;\">N\u00e3o perca tempo, entre em contato conosco e fa\u00e7a seu or\u00e7amento sem compromisso!<\/span><\/p><p style=\"text-align: center;\"><span style=\"color: #000000; font-family: arial, helvetica, sans-serif; font-size: 14pt;\">Estamos localizados em Campinas-SP, Prestamos servi\u00e7os em territ\u00f3rio nacional!<\/span><\/p>\t\t\t\t\t\t\t\t<\/div>\n\t\t\t\t<\/div>\n\t\t\t\t\t<\/div>\n\t\t<\/div>\n\t\t\t\t\t<\/div>\n\t\t<\/section>\n\t\t\t\t\t<\/div>\n\t\t<\/div>\n\t\t\t\t\t<\/div>\n\t\t<\/section>\n\t\t\t\t<\/div>\n\t\t","protected":false},"excerpt":{"rendered":"<p>CONHE\u00c7A NOSSOS PRODUTOS Mini-SplitSplit-SystemCondicionador Janela (ACJ)RoofTopSelf c\/ Condesador aclopado ou remotoSelf refrigerado a \u00e1guaFan&amp;CoilResfriador de L\u00edquidos (Chiller)Trabalhamos com todos os modelos e marcas! N\u00e3o perca&hellip;<\/p>\n","protected":false},"author":1,"featured_media":0,"parent":0,"menu_order":0,"comment_status":"closed","ping_status":"closed","template":"","meta":{"footnotes":""},"class_list":["post-24","page","type-page","status-publish","hentry"],"_links":{"self":[{"href":"https:\/\/grupocoldmaster.com.br\/index.php?rest_route=\/wp\/v2\/pages\/24","targetHints":{"allow":["GET"]}}],"collection":[{"href":"https:\/\/grupocoldmaster.com.br\/index.php?rest_route=\/wp\/v2\/pages"}],"about":[{"href":"https:\/\/grupocoldmaster.com.br\/index.php?rest_route=\/wp\/v2\/types\/page"}],"author":[{"embeddable":true,"href":"https:\/\/grupocoldmaster.com.br\/index.php?rest_route=\/wp\/v2\/users\/1"}],"replies":[{"embeddable":true,"href":"https:\/\/grupocoldmaster.com.br\/index.php?rest_route=%2Fwp%2Fv2%2Fcomments&post=24"}],"version-history":[{"count":7,"href":"https:\/\/grupocoldmaster.com.br\/index.php?rest_route=\/wp\/v2\/pages\/24\/revisions"}],"predecessor-version":[{"id":129,"href":"https:\/\/grupocoldmaster.com.br\/index.php?rest_route=\/wp\/v2\/pages\/24\/revisions\/129"}],"wp:attachment":[{"href":"https:\/\/grupocoldmaster.com.br\/index.php?rest_route=%2Fwp%2Fv2%2Fmedia&parent=24"}],"curies":[{"name":"wp","href":"https:\/\/api.w.org\/{rel}","templated":true}]}}